{"id":551,"date":"2022-11-07T22:35:10","date_gmt":"2022-11-07T20:35:10","guid":{"rendered":"https:\/\/www.sammonelakekerho.net\/hki\/?page_id=551"},"modified":"2026-01-16T20:37:27","modified_gmt":"2026-01-16T18:37:27","slug":"asiakirjat","status":"publish","type":"page","link":"https:\/\/www.sammonelakekerho.net\/hki\/asiakirjat\/","title":{"rendered":"Asiakirjat"},"content":{"rendered":"\n<p>Pyrimme ker\u00e4\u00e4m\u00e4\u00e4n j\u00e4senist\u00f6\u00e4mme mahdollisesti kiinnostavia asiakirjoja. Asiakirjat ovat p\u00e4\u00e4osin j\u00e4senist\u00f6mme laatimia ja ep\u00e4virallisia.<\/p>\n\n\n\n<p><strong>Hautausavustus ja el\u00e4ke<\/strong><br>Hautausavustus ja sen hakeminen on pitk\u00e4\u00e4n ollut keskustelujen aiheena. Hannu Koivula on ker\u00e4nnyt aiheesta yhteenvedon, joka antanee vastauksen useimmille.<\/p>\n\n\n\n<p><a href=\"https:\/\/www.sammonelakekerho.net\/wp\/wp-content\/uploads\/2022\/01\/Elake-ja-hautausavustus.pdf\">El\u00e4ke ja hautausavustus<\/a>, pdf-tiedosto, 476 kt \u2013 12.1.2022<\/p>\n\n\n\n<p><\/p>\n\n\n\n<p><strong>Vuosikokousten p\u00f6yt\u00e4kirja<\/strong>t<\/p>\n\n\n\n<p><\/p>\n\n\n\n<p><a href=\"https:\/\/www.sammonelakekerho.net\/hki\/wp-content\/uploads\/2026\/01\/Vuosikokouspoytakirja-2026.pdf\">Vuosikokouksen 14.1.2026 p\u00f6yt\u00e4kirja<\/a> &lt;- Uusin!<\/p>\n\n\n\n<p><a href=\"https:\/\/www.sammonelakekerho.net\/hki\/wp-content\/uploads\/2025\/01\/Vuosikokouksen-poytakirja-2025.pdf\">Vuosikokouksen 28.1.2025 p\u00f6yt\u00e4kirja<\/a> <br><a href=\"https:\/\/www.sammonelakekerho.net\/hki\/wp-content\/uploads\/2024\/01\/Vuosikokouspoytakirja_21.11.2023.pdf\">Vuosikokouksen 21.11.2023 p\u00f6yt\u00e4kirja<\/a><\/p>\n\n\n\n<p><\/p>\n","protected":false},"excerpt":{"rendered":"<p>Pyrimme ker\u00e4\u00e4m\u00e4\u00e4n j\u00e4senist\u00f6\u00e4mme mahdollisesti kiinnostavia asiakirjoja. Asiakirjat ovat p\u00e4\u00e4osin j\u00e4senist\u00f6mme laatimia ja ep\u00e4virallisia. Hautausavustus ja el\u00e4keHautausavustus ja sen hakeminen on pitk\u00e4\u00e4n ollut keskustelujen aiheena. Hannu Koivula on ker\u00e4nnyt aiheesta yhteenvedon, joka antanee vastauksen useimmille. El\u00e4ke ja hautausavustus, pdf-tiedosto, 476 kt \u2013 12.1.2022 Vuosikokousten p\u00f6yt\u00e4kirjat Vuosikokouksen 14.1.2026 p\u00f6yt\u00e4kirja &lt;- Uusin! Vuosikokouksen 28.1.2025 p\u00f6yt\u00e4kirja Vuosikokouksen 21.11.2023 p\u00f6yt\u00e4kirja<\/p>\n","protected":false},"author":4,"featured_media":0,"parent":0,"menu_order":0,"comment_status":"closed","ping_status":"closed","template":"","meta":{"_mi_skip_tracking":false,"ngg_post_thumbnail":0,"footnotes":""},"class_list":["post-551","page","type-page","status-publish","hentry"],"_links":{"self":[{"href":"https:\/\/www.sammonelakekerho.net\/hki\/wp-json\/wp\/v2\/pages\/551","targetHints":{"allow":["GET"]}}],"collection":[{"href":"https:\/\/www.sammonelakekerho.net\/hki\/wp-json\/wp\/v2\/pages"}],"about":[{"href":"https:\/\/www.sammonelakekerho.net\/hki\/wp-json\/wp\/v2\/types\/page"}],"author":[{"embeddable":true,"href":"https:\/\/www.sammonelakekerho.net\/hki\/wp-json\/wp\/v2\/users\/4"}],"replies":[{"embeddable":true,"href":"https:\/\/www.sammonelakekerho.net\/hki\/wp-json\/wp\/v2\/comments?post=551"}],"version-history":[{"count":6,"href":"https:\/\/www.sammonelakekerho.net\/hki\/wp-json\/wp\/v2\/pages\/551\/revisions"}],"predecessor-version":[{"id":766,"href":"https:\/\/www.sammonelakekerho.net\/hki\/wp-json\/wp\/v2\/pages\/551\/revisions\/766"}],"wp:attachment":[{"href":"https:\/\/www.sammonelakekerho.net\/hki\/wp-json\/wp\/v2\/media?parent=551"}],"curies":[{"name":"wp","href":"https:\/\/api.w.org\/{rel}","templated":true}]}}