{"id":55,"date":"2015-02-12T13:24:36","date_gmt":"2015-02-12T13:24:36","guid":{"rendered":"http:\/\/www.sammonelakekerho.net\/hki\/?page_id=55"},"modified":"2026-04-04T20:38:06","modified_gmt":"2026-04-04T18:38:06","slug":"tiedotteet","status":"publish","type":"page","link":"https:\/\/www.sammonelakekerho.net\/hki\/tiedotteet\/","title":{"rendered":"Tiedotteet"},"content":{"rendered":"\n<h3 class=\"wp-block-heading\">Ilmoittautumisajan j\u00e4lkeiset peruutukset<\/h3>\n\n\n\n<p>K\u00e4yt\u00e4nn\u00f6n syist\u00e4 viimeisen ilmoittautumisp\u00e4iv\u00e4n j\u00e4lkeen peruutettuja lippuja ei makseta takaisin. Osallistumisensa peruuttavan tulee itse hankkia tilalleen toinen henkil\u00f6, joka t\u00e4ss\u00e4 tapauksessa voi olla my\u00f6s kerhon ulkopuolinen. Mik\u00e4li johtokunnalla on tiedossa varalla olevia kerhon j\u00e4seni\u00e4, annamme peruuttaneelle heid\u00e4n yhteystietonsa.<\/p>\n\n\n\n<h1 class=\"wp-block-heading\">Tulevia tapahtumia<\/h1>\n\n\n\n<table id=\"tablepress-2\" class=\"tablepress tablepress-id-2\">\n<thead>\n<tr class=\"row-1 odd\">\n\t<th class=\"column-1\"><\/th><th class=\"column-2\">Pvm<\/th><th class=\"column-3\">Klo<\/th><th class=\"column-4\">Tapahtuma<\/th><th class=\"column-5\">Ilmoittautuminen<\/th>\n<\/tr>\n<\/thead>\n<tbody class=\"row-hover\">\n<tr class=\"row-2 even\">\n\t<td class=\"column-1\">la<\/td><td class=\"column-2\"><strong>18.4.2026<\/strong><\/td><td class=\"column-3\">14.00<\/td><td class=\"column-4\">\u201dPokka pit\u00e4\u00e4\u201d, Aleksanterin teatteri, Bulevardi 23-27<\/td><td class=\"column-5\">-> 9.3.2026<\/td>\n<\/tr>\n<tr class=\"row-3 odd\">\n\t<td class=\"column-1\">ti<\/td><td class=\"column-2\"><strong>12.5.2026<\/strong><\/td><td class=\"column-3\">10.30 &#8211;<\/td><td class=\"column-4\">Tallinnan risteily, Viking XPRS<\/td><td class=\"column-5\">-> 9.4.2026<\/td>\n<\/tr>\n<tr class=\"row-4 even\">\n\t<td class=\"column-1\">to<\/td><td class=\"column-2\"><strong>17.9.2026<\/strong><\/td><td class=\"column-3\">10.00 &#8211;<\/td><td class=\"column-4\">Retki Tuusulanj\u00e4rven museoihin yhdess\u00e4 Tevan kerhon kanssa: Halosenniemi, Ainola ja Suviranta.<\/td><td class=\"column-5\"><\/td>\n<\/tr>\n<tr class=\"row-5 odd\">\n\t<td class=\"column-1\">to<\/td><td class=\"column-2\"><strong>15.10.2026<\/strong><\/td><td class=\"column-3\">18.30 &#8211;<\/td><td class=\"column-4\">HKT, \u201d&amp; Julia\u201d -musikaali<a href=\"https:\/\/hkt.fi\/esitykset\/julia\/\" target=\"_blank\" rel=\"noopener\"><\/a><\/td><td class=\"column-5\"><\/td>\n<\/tr>\n<tr class=\"row-6 even\">\n\t<td class=\"column-1\"><\/td><td class=\"column-2\">marraskuussa<\/td><td class=\"column-3\"><\/td><td class=\"column-4\">avoin<\/td><td class=\"column-5\"><\/td>\n<\/tr>\n<tr class=\"row-7 odd\">\n\t<td class=\"column-1\">to<\/td><td class=\"column-2\"><strong>17.12.2026<\/strong><\/td><td class=\"column-3\">15.00 &#8211; 18.00<\/td><td class=\"column-4\">Joululounas, Ravintola Date With Dylan, Keilaniemi.<\/td><td class=\"column-5\"><\/td>\n<\/tr>\n<\/tbody>\n<\/table>\n<!-- #tablepress-2 from cache -->\n\n\n<p>Tarkemmat tiedot aina n. kuukautta ennen tapahtumaa!<\/p>\n\n\n\n<p><strong>Kaikkiin tapahtumiin sitovat ilmoittautumiset karita.riima(\u00e4)gmail.com tai<\/strong><br><strong>tekstiviestill\u00e4 nro 050 543 4226 (Karita Riima).<\/strong><\/p>\n\n\n\n<h2 class=\"wp-block-heading\">J\u00e4senkirjeet<\/h2>\n\n\n\n<p><\/p>\n\n\n\n<p><a href=\"https:\/\/www.sammonelakekerho.net\/hki\/wp-content\/uploads\/2026\/01\/Toiminta-kevat-2026.pdf\">1\/2026<\/a> (16.1.2026) Kev\u00e4\u00e4n 2026 ohjelma<\/p>\n\n\n\n<p><a href=\"https:\/\/www.sammonelakekerho.net\/hki\/wp-content\/uploads\/2025\/11\/Jasenkirje-2025-6b.pdf\">6b\/2025<\/a> (19.11.2025) T\u00e4ydennys kev\u00e4\u00e4n ohjelmaan<br><a href=\"https:\/\/www.sammonelakekerho.net\/hki\/wp-content\/uploads\/2025\/11\/Jasenkirje-2025-6.pdf\">6\/2025<\/a> (14.11.2025) Kev\u00e4\u00e4n 2026 ohjelma<br><a href=\"https:\/\/www.sammonelakekerho.net\/hki\/wp-content\/uploads\/2025\/08\/Jasenkirje-2025-5_syksy.pdf\">5\/2025<\/a> (19.8.2025) Syksyn ohjelma<br><a href=\"https:\/\/www.sammonelakekerho.net\/hki\/wp-content\/uploads\/2025\/03\/Jasenkirje-2025-3.pdf\">3\/2025<\/a> (17.3.2025) Tietoa risteilyst\u00e4 13.5.2025<br><a href=\"https:\/\/www.sammonelakekerho.net\/hki\/wp-content\/uploads\/2025\/02\/Jasenkirje-2025-2.pdf\">2\/2025<\/a> (7.2.2025)<\/p>\n\n\n\n<h3 class=\"wp-block-heading\">Ehdotukset<\/h3>\n\n\n\n<p>Otamme mielell\u00e4mme vastaan ehdotuksia sinua kiinnostavista tapahtumista.<br>Laita s\u00e4hk\u00f6postia karita.riima(\u00e4)gmail.com tai tekstiviestill\u00e4 050 543 4226.<\/p>\n\n\n\n<h3 class=\"wp-block-heading\">Pankkitili<\/h3>\n\n\n\n<p>Pankkitilimme on Danske Bankissa nimell\u00e4 \u201dIlkka H V\u00e4\u00e4n\u00e4nen\u201d.<br>Tilinumero FI 46 8163 9710 0166 08.<br>Pyyd\u00e4mme maksamaan tapahtumien osallistumismaksut em. tilille.<\/p>\n\n\n\n<p>Danske Bank ei anna tili\u00e4 kerhon nimelle, koska emme ole rekister\u00f6ity yhdistys.<\/p>\n\n\n\n<h3 class=\"wp-block-heading\">Tiedotus<\/h3>\n\n\n\n<p>Tiedottamisessa tavoitteena on siirtyminen nykyist\u00e4 enemm\u00e4n k\u00e4ytt\u00e4m\u00e4\u00e4n s\u00e4hk\u00f6isi\u00e4 v\u00e4lineit\u00e4. Jos haluat tiedotteen s\u00e4hk\u00f6postina, pyyd\u00e4mme sinua l\u00e4hett\u00e4m\u00e4\u00e4n s\u00e4hk\u00f6postiyhteystietosi osoitteeseen&nbsp; karita.riima(\u00e4)gmail.com. Jatkossa saat vain s\u00e4hk\u00f6isen tiedotteen &#8211; et paperitiedotetta.&nbsp;<\/p>\n\n\n\n<p><strong><span style=\"color: Tomato;\">Tammikuun 2025 vuosikokouksen p\u00e4\u00e4t\u00f6ksell\u00e4 luovutaan tiedotteiden ym. postituksista 1.1.2026.<\/strong><br>Mik\u00e4li sinulla kuitenkin on s\u00e4hk\u00f6postiosoite ja haluat edelleen tietoa tapahtumista niin ilmoita osoitteesi karita.riima@gmail.com tai tekstiviestill\u00e4 050 543 4226.<\/strong><br>Toisaalta, mik\u00e4li jollakin l\u00e4heisell\u00e4si tai yst\u00e4v\u00e4ll\u00e4si on s\u00e4hk\u00f6postiosoite, jolta saisit tiedot tapahtumista, niin ilmoita siit\u00e4kin Karita Riimalle<\/span>.<\/p>\n\n\n\n<p><\/p>\n","protected":false},"excerpt":{"rendered":"<p>Ilmoittautumisajan j\u00e4lkeiset peruutukset K\u00e4yt\u00e4nn\u00f6n syist\u00e4 viimeisen ilmoittautumisp\u00e4iv\u00e4n j\u00e4lkeen peruutettuja lippuja ei makseta takaisin. Osallistumisensa peruuttavan tulee itse hankkia tilalleen toinen henkil\u00f6, joka t\u00e4ss\u00e4 tapauksessa voi olla my\u00f6s kerhon ulkopuolinen. Mik\u00e4li johtokunnalla on tiedossa varalla olevia kerhon j\u00e4seni\u00e4, annamme peruuttaneelle heid\u00e4n yhteystietonsa. Tulevia tapahtumia Tarkemmat tiedot aina n. kuukautta ennen tapahtumaa! Kaikkiin tapahtumiin sitovat ilmoittautumiset karita.riima(\u00e4)gmail.com &hellip; <a href=\"https:\/\/www.sammonelakekerho.net\/hki\/tiedotteet\/\" class=\"more-link\">Jatka lukemista<span class=\"screen-reader-text\"> &#8221;Tiedotteet&#8221;<\/span><\/a><\/p>\n","protected":false},"author":4,"featured_media":0,"parent":0,"menu_order":0,"comment_status":"closed","ping_status":"closed","template":"","meta":{"_mi_skip_tracking":false,"ngg_post_thumbnail":0,"footnotes":""},"class_list":["post-55","page","type-page","status-publish","hentry"],"_links":{"self":[{"href":"https:\/\/www.sammonelakekerho.net\/hki\/wp-json\/wp\/v2\/pages\/55","targetHints":{"allow":["GET"]}}],"collection":[{"href":"https:\/\/www.sammonelakekerho.net\/hki\/wp-json\/wp\/v2\/pages"}],"about":[{"href":"https:\/\/www.sammonelakekerho.net\/hki\/wp-json\/wp\/v2\/types\/page"}],"author":[{"embeddable":true,"href":"https:\/\/www.sammonelakekerho.net\/hki\/wp-json\/wp\/v2\/users\/4"}],"replies":[{"embeddable":true,"href":"https:\/\/www.sammonelakekerho.net\/hki\/wp-json\/wp\/v2\/comments?post=55"}],"version-history":[{"count":116,"href":"https:\/\/www.sammonelakekerho.net\/hki\/wp-json\/wp\/v2\/pages\/55\/revisions"}],"predecessor-version":[{"id":775,"href":"https:\/\/www.sammonelakekerho.net\/hki\/wp-json\/wp\/v2\/pages\/55\/revisions\/775"}],"wp:attachment":[{"href":"https:\/\/www.sammonelakekerho.net\/hki\/wp-json\/wp\/v2\/media?parent=55"}],"curies":[{"name":"wp","href":"https:\/\/api.w.org\/{rel}","templated":true}]}}