{"id":49,"date":"2015-02-12T13:21:12","date_gmt":"2015-02-12T13:21:12","guid":{"rendered":"http:\/\/www.sammonelakekerho.net\/hki\/?page_id=49"},"modified":"2023-11-27T12:09:23","modified_gmt":"2023-11-27T10:09:23","slug":"saannot","status":"publish","type":"page","link":"https:\/\/www.sammonelakekerho.net\/hki\/saannot\/","title":{"rendered":"S\u00e4\u00e4nn\u00f6t"},"content":{"rendered":"<h3>Helsingin Sammon El\u00e4kel\u00e4iskerhon s\u00e4\u00e4nn\u00f6t<\/h3>\n<p>&nbsp;<\/p>\n<ol>\n<li>Yhdistyksen nimi on HELSINGIN SAMMON EL\u00c4KEL\u00c4ISKERHO ja sen kotipaikka on Helsingin kaupunki.<\/li>\n<li>Kerhon tarkoituksena on Helsingin seudun Sammon el\u00e4kkeensaajien v\u00e4lisen kanssak\u00e4ymisen yll\u00e4pit\u00e4minen ja harrastusmahdollisuuksien edist\u00e4minen.N\u00e4iden tarkoitusten toteuttamiseksi kerho j\u00e4rjest\u00e4\u00e4 kokouksia ja tilaisuuksia, vierailuk\u00e4yntej\u00e4 sek\u00e4 yhteisi\u00e4 retki\u00e4 ja matkoja j\u00e4seni\u00e4 kiinnostavien erilaisten ohjelmien merkeiss\u00e4. Kerhon teht\u00e4v\u00e4n\u00e4 on my\u00f6s pit\u00e4\u00e4 yhteyksi\u00e4 IF:n ja Henki-Sammon henkil\u00f6st\u00f6palveluosastoon ja kerhotoimikuntaan sek\u00e4 yhti\u00f6n piiriss\u00e4 toimiviin, t\u00e4t\u00e4 kerhoa vastaaviin kerhoihin.<\/li>\n<li>Kerhon toimintaan voivat osallistua entisen Vakuutusyhti\u00f6 Sammon tai sen tyt\u00e4ryhti\u00f6iden, Henki-Sammon\/Kalevan ja If Vahinkovakuutusyhti\u00f6 Oy:n palveluksesta el\u00e4kkeelle j\u00e4\u00e4neet henkil\u00f6t, jotka asuvat Helsingiss\u00e4 tai sen l\u00e4hiymp\u00e4rist\u00f6ss\u00e4.<\/li>\n<li>Kerhon toiminnasta aiheutuvat kustannukset j\u00e4\u00e4v\u00e4t p\u00e4\u00e4s\u00e4\u00e4nt\u00f6isesti toimintaan osallistuvien kerholaisten itsens\u00e4 maksettavaksi ja tapahtumakohtaisesti peritt\u00e4v\u00e4ksi.If tukee kerhon toimintaa yhti\u00f6n talousarvioon vuosittain varattavalla m\u00e4\u00e4r\u00e4rahalla ja antamalla kerhon k\u00e4ytt\u00f6\u00f6n tarvittavat kokoustilat sek\u00e4 konttoritekniset palvelut.<\/li>\n<li>Kerhon asioita hoitaa johtokunta, johon kuuluu vuosikokouksessa vuodeksi kerrallaan valitut puheenjohtaja ja nelj\u00e4 j\u00e4sent\u00e4. Johtokunnan kokoonpanossa pyrit\u00e4\u00e4n tasapuoliseen jakautumaan sukupuolten v\u00e4lill\u00e4. Johtokunta valitsee keskuudestaan sihteerin ja muut toimihenkil\u00f6t. Johtokunta kokoontuu puheenjohtajan kutsusta ja on p\u00e4\u00e4t\u00f6svaltainen v\u00e4hint\u00e4\u00e4n kolmen j\u00e4senen l\u00e4sn\u00e4 ollessa. \u00c4\u00e4nten menness\u00e4 tasan puheenjohtajan \u00e4\u00e4ni ratkaisee.<\/li>\n<li>Kerhon nimen kirjoittavat johtokunnan puheenjohtaja ja sihteeri yhdess\u00e4.<\/li>\n<li>Kerhon kokoukset kutsuu koolle johtokunta. Kokouskutsusta on tiedotettava v\u00e4hint\u00e4\u00e4n 14 p\u00e4iv\u00e4\u00e4 ennen kokousta kiertokirjeell\u00e4.<\/li>\n<li>Kerhon toimintakausi on kalenterivuosi. Kerhon vuosikokous on pidett\u00e4v\u00e4 vuosittain tammi- helmikuussa. Vuosikokouksessa k\u00e4sitelt\u00e4v\u00e4t asiat:\n<ol>\n<li>Esitet\u00e4\u00e4n johtokunnan toimintakertomus ja selvitys varainhoidosta.<\/li>\n<li>Keskustellaan kerhon tulevasta ohjelmasta uutta toimintakautta varten.<\/li>\n<li>Valitaan johtokunnan puheenjohtaja ja j\u00e4senet.<\/li>\n<li>K\u00e4sitell\u00e4\u00e4n muut johtokunnan tai kerhon j\u00e4senten esitt\u00e4m\u00e4t asiat.<\/li>\n<\/ol>\n<\/li>\n<li>Edell\u00e4 mainittujen m\u00e4\u00e4r\u00e4ysten lis\u00e4ksi noudatetaan soveltuvin osin yhdistyslain s\u00e4\u00e4nn\u00f6ksi\u00e4<\/li>\n<\/ol>\n<p>Vuosikokouksen ajankohta muutettu marras- joulukuusta tammi- helmikuuksi vuosikokouksen 21.11.2023 p\u00e4\u00e4t\u00f6ksell\u00e4.<\/p>\n<p>&nbsp;<\/p>\n<p>&nbsp;<\/p>\n","protected":false},"excerpt":{"rendered":"<p>Helsingin Sammon El\u00e4kel\u00e4iskerhon s\u00e4\u00e4nn\u00f6t &nbsp; Yhdistyksen nimi on HELSINGIN SAMMON EL\u00c4KEL\u00c4ISKERHO ja sen kotipaikka on Helsingin kaupunki. Kerhon tarkoituksena on Helsingin seudun Sammon el\u00e4kkeensaajien v\u00e4lisen kanssak\u00e4ymisen yll\u00e4pit\u00e4minen ja harrastusmahdollisuuksien edist\u00e4minen.N\u00e4iden tarkoitusten toteuttamiseksi kerho j\u00e4rjest\u00e4\u00e4 kokouksia ja tilaisuuksia, vierailuk\u00e4yntej\u00e4 sek\u00e4 yhteisi\u00e4 retki\u00e4 ja matkoja j\u00e4seni\u00e4 kiinnostavien erilaisten ohjelmien merkeiss\u00e4. Kerhon teht\u00e4v\u00e4n\u00e4 on my\u00f6s pit\u00e4\u00e4 yhteyksi\u00e4 IF:n &hellip; <a href=\"https:\/\/www.sammonelakekerho.net\/hki\/saannot\/\" class=\"more-link\">Jatka lukemista<span class=\"screen-reader-text\"> &#8221;S\u00e4\u00e4nn\u00f6t&#8221;<\/span><\/a><\/p>\n","protected":false},"author":4,"featured_media":0,"parent":0,"menu_order":0,"comment_status":"closed","ping_status":"closed","template":"","meta":{"_mi_skip_tracking":false,"ngg_post_thumbnail":0,"footnotes":""},"class_list":["post-49","page","type-page","status-publish","hentry"],"_links":{"self":[{"href":"https:\/\/www.sammonelakekerho.net\/hki\/wp-json\/wp\/v2\/pages\/49","targetHints":{"allow":["GET"]}}],"collection":[{"href":"https:\/\/www.sammonelakekerho.net\/hki\/wp-json\/wp\/v2\/pages"}],"about":[{"href":"https:\/\/www.sammonelakekerho.net\/hki\/wp-json\/wp\/v2\/types\/page"}],"author":[{"embeddable":true,"href":"https:\/\/www.sammonelakekerho.net\/hki\/wp-json\/wp\/v2\/users\/4"}],"replies":[{"embeddable":true,"href":"https:\/\/www.sammonelakekerho.net\/hki\/wp-json\/wp\/v2\/comments?post=49"}],"version-history":[{"count":7,"href":"https:\/\/www.sammonelakekerho.net\/hki\/wp-json\/wp\/v2\/pages\/49\/revisions"}],"predecessor-version":[{"id":606,"href":"https:\/\/www.sammonelakekerho.net\/hki\/wp-json\/wp\/v2\/pages\/49\/revisions\/606"}],"wp:attachment":[{"href":"https:\/\/www.sammonelakekerho.net\/hki\/wp-json\/wp\/v2\/media?parent=49"}],"curies":[{"name":"wp","href":"https:\/\/api.w.org\/{rel}","templated":true}]}}