{"id":264,"date":"2017-08-20T18:27:41","date_gmt":"2017-08-20T18:27:41","guid":{"rendered":"http:\/\/www.sammonelakekerho.net\/hki\/?page_id=264"},"modified":"2017-09-19T17:04:44","modified_gmt":"2017-09-19T17:04:44","slug":"historiikki","status":"publish","type":"page","link":"https:\/\/www.sammonelakekerho.net\/hki\/historiikki\/","title":{"rendered":"Historiikki"},"content":{"rendered":"<p>Kerhomme 40-vuotishistoriikki on luettavissa klikkaamalla alla olevaa linkki\u00e4.<\/p>\n<p><a href=\"https:\/\/www.sammonelakekerho.net\/hki\/wp-content\/uploads\/2017\/08\/historia.pdf\" target=\"_blank\" rel=\"noopener\">historia<\/a><\/p>\n<p>Historiaa l\u00f6ytyy my\u00f6s Sampostista talteen otetuista leikkeist\u00e4.<\/p>\n<p><a href=\"https:\/\/www.sammonelakekerho.net\/hki\/wp-content\/uploads\/2017\/08\/Samposti1.pdf\" target=\"_blank\" rel=\"noopener\">Samposti1<\/a><br \/>\n<a href=\"https:\/\/www.sammonelakekerho.net\/hki\/wp-content\/uploads\/2017\/08\/Samposti2.pdf\" target=\"_blank\" rel=\"noopener\">Samposti2<\/a><br \/>\n<a href=\"https:\/\/www.sammonelakekerho.net\/hki\/wp-content\/uploads\/2017\/08\/Samposti3.pdf\">Samposti3<\/a><\/p>\n<p>Kerhomme 40-vuotishistoriikkiin liittyv\u00e4t toimintakertomukset l\u00f6yd\u00e4t klikkaamalla alla olevia linkkej\u00e4. (v. 1989 toimintakertomus puuttuu)<\/p>\n<p><a href=\"https:\/\/www.sammonelakekerho.net\/hki\/wp-content\/uploads\/2017\/08\/Toimintakertomus1979.pdf\" target=\"_blank\" rel=\"noopener\">1979<\/a>&nbsp;<a href=\"https:\/\/www.sammonelakekerho.net\/hki\/wp-content\/uploads\/2017\/08\/Toimintakertomus1980.pdf\" target=\"_blank\" rel=\"noopener\">1980<\/a> <a href=\"https:\/\/www.sammonelakekerho.net\/hki\/wp-content\/uploads\/2017\/08\/Toimintakertomus1981.pdf\" target=\"_blank\" rel=\"noopener\">1981<\/a> <a href=\"https:\/\/www.sammonelakekerho.net\/hki\/wp-content\/uploads\/2017\/08\/Toimintakertomus1982.pdf\" target=\"_blank\" rel=\"noopener\">1982<\/a> <a href=\"https:\/\/www.sammonelakekerho.net\/hki\/wp-content\/uploads\/2017\/08\/Toimintakertomus1983.pdf\" target=\"_blank\" rel=\"noopener\">1983<\/a> <a href=\"https:\/\/www.sammonelakekerho.net\/hki\/wp-content\/uploads\/2017\/08\/Toimintakertomus1984.pdf\" target=\"_blank\" rel=\"noopener\">1984<\/a> <a href=\"https:\/\/www.sammonelakekerho.net\/hki\/wp-content\/uploads\/2017\/08\/Toimintakertomus1985.pdf\" target=\"_blank\" rel=\"noopener\">1985<\/a> <a href=\"https:\/\/www.sammonelakekerho.net\/hki\/wp-content\/uploads\/2017\/08\/Toimintakertomus1986.pdf\" target=\"_blank\" rel=\"noopener\">1986<\/a> <a href=\"https:\/\/www.sammonelakekerho.net\/hki\/wp-content\/uploads\/2017\/08\/Toimintakertomus1987.pdf\" target=\"_blank\" rel=\"noopener\">1987<\/a> <a href=\"https:\/\/www.sammonelakekerho.net\/hki\/wp-content\/uploads\/2017\/08\/Toimintakertomus1988.pdf\" target=\"_blank\" rel=\"noopener\">1988<\/a><br \/>\n<a href=\"https:\/\/www.sammonelakekerho.net\/hki\/wp-content\/uploads\/2017\/08\/Toimintakertomus1990.pdf\" target=\"_blank\" rel=\"noopener\">1990<\/a> <a href=\"https:\/\/www.sammonelakekerho.net\/hki\/wp-content\/uploads\/2017\/08\/Toimintakertomus1991.pdf\" target=\"_blank\" rel=\"noopener\">1991<\/a> <a href=\"https:\/\/www.sammonelakekerho.net\/hki\/wp-content\/uploads\/2017\/08\/Toimintakertomus1992.pdf\" target=\"_blank\" rel=\"noopener\">1992<\/a> <a href=\"https:\/\/www.sammonelakekerho.net\/hki\/wp-content\/uploads\/2017\/08\/Toimintakertomus1993.pdf\" target=\"_blank\" rel=\"noopener\">1993<\/a> <a href=\"https:\/\/www.sammonelakekerho.net\/hki\/wp-content\/uploads\/2017\/08\/Toimintakertomus1994.pdf\" target=\"_blank\" rel=\"noopener\">1994<\/a> <a href=\"https:\/\/www.sammonelakekerho.net\/hki\/wp-content\/uploads\/2017\/08\/Toimintakertomus1995.pdf\" target=\"_blank\" rel=\"noopener\">1995<\/a> <a href=\"https:\/\/www.sammonelakekerho.net\/hki\/wp-content\/uploads\/2017\/08\/Toimintakertomus1996.pdf\" target=\"_blank\" rel=\"noopener\">1996<\/a> <a href=\"https:\/\/www.sammonelakekerho.net\/hki\/wp-content\/uploads\/2017\/08\/Toimintakertomus1997.pdf\" target=\"_blank\" rel=\"noopener\">1997<\/a> <a href=\"https:\/\/www.sammonelakekerho.net\/hki\/wp-content\/uploads\/2017\/08\/Toimintakertomus1998.pdf\" target=\"_blank\" rel=\"noopener\">1998<\/a> <a href=\"https:\/\/www.sammonelakekerho.net\/hki\/wp-content\/uploads\/2017\/08\/Toimintakertomus1999.pdf\" target=\"_blank\" rel=\"noopener\">1999<\/a><br \/>\n<a href=\"https:\/\/www.sammonelakekerho.net\/hki\/wp-content\/uploads\/2017\/08\/Toimintakertomus2000.pdf\" target=\"_blank\" rel=\"noopener\">2000<\/a> <a href=\"https:\/\/www.sammonelakekerho.net\/hki\/wp-content\/uploads\/2017\/08\/Toimintakertomus2001.pdf\" target=\"_blank\" rel=\"noopener\">2001<\/a> <a href=\"https:\/\/www.sammonelakekerho.net\/hki\/wp-content\/uploads\/2017\/08\/Toimintakertomus2002.pdf\" target=\"_blank\" rel=\"noopener\">2002<\/a> <a href=\"https:\/\/www.sammonelakekerho.net\/hki\/wp-content\/uploads\/2017\/08\/Toimintakertomus2003.pdf\" target=\"_blank\" rel=\"noopener\">2003<\/a> <a href=\"https:\/\/www.sammonelakekerho.net\/hki\/wp-content\/uploads\/2017\/08\/Toimintakertomus2004.pdf\" target=\"_blank\" rel=\"noopener\">2004<\/a> <a href=\"https:\/\/www.sammonelakekerho.net\/hki\/wp-content\/uploads\/2017\/08\/Toimintakertomus2005.pdf\" target=\"_blank\" rel=\"noopener\">2005<\/a> <a href=\"https:\/\/www.sammonelakekerho.net\/hki\/wp-content\/uploads\/2017\/08\/Toimintakertomus2006.pdf\" target=\"_blank\" rel=\"noopener\">2006<\/a> <a href=\"https:\/\/www.sammonelakekerho.net\/hki\/wp-content\/uploads\/2017\/08\/Toimintakertomus2007.pdf\" target=\"_blank\" rel=\"noopener\">2007<\/a> <a href=\"https:\/\/www.sammonelakekerho.net\/hki\/wp-content\/uploads\/2017\/08\/Toimintakertomus2008.pdf\" target=\"_blank\" rel=\"noopener\">2008<\/a> <a href=\"https:\/\/www.sammonelakekerho.net\/hki\/wp-content\/uploads\/2017\/08\/Toimintakertomus2009.pdf\" target=\"_blank\" rel=\"noopener\">2009<\/a><br \/>\n<a href=\"https:\/\/www.sammonelakekerho.net\/hki\/wp-content\/uploads\/2017\/08\/Toimintakertomus2010.pdf\" target=\"_blank\" rel=\"noopener\">2010<\/a> <a href=\"https:\/\/www.sammonelakekerho.net\/hki\/wp-content\/uploads\/2017\/08\/Toimintakertomus2011.pdf\" target=\"_blank\" rel=\"noopener\">2011<\/a> <a href=\"https:\/\/www.sammonelakekerho.net\/hki\/wp-content\/uploads\/2017\/08\/Toimintakertomus2012.pdf\" target=\"_blank\" rel=\"noopener\">2012<\/a> <a href=\"https:\/\/www.sammonelakekerho.net\/hki\/wp-content\/uploads\/2017\/08\/Toimintakertomus2013.pdf\" target=\"_blank\" rel=\"noopener\">2013<\/a> <a href=\"https:\/\/www.sammonelakekerho.net\/hki\/wp-content\/uploads\/2017\/08\/Toimintakertomus2014.pdf\" target=\"_blank\" rel=\"noopener\">2014<\/a> <a href=\"https:\/\/www.sammonelakekerho.net\/hki\/wp-content\/uploads\/2017\/08\/Toimintakertomus2015.pdf\" target=\"_blank\" rel=\"noopener\">2015<\/a> <a href=\"https:\/\/www.sammonelakekerho.net\/hki\/wp-content\/uploads\/2017\/08\/Toimintakertomus2016.pdf\" target=\"_blank\" rel=\"noopener\">2016<\/a><\/p>\n","protected":false},"excerpt":{"rendered":"<p>Kerhomme 40-vuotishistoriikki on luettavissa klikkaamalla alla olevaa linkki\u00e4. historia Historiaa l\u00f6ytyy my\u00f6s Sampostista talteen otetuista leikkeist\u00e4. Samposti1 Samposti2 Samposti3 Kerhomme 40-vuotishistoriikkiin liittyv\u00e4t toimintakertomukset l\u00f6yd\u00e4t klikkaamalla alla olevia linkkej\u00e4. (v. 1989 toimintakertomus puuttuu) 1979&nbsp;1980 1981 1982 1983 1984 1985 1986 1987 1988 1990 1991 1992 1993 1994 1995 1996 1997 1998 1999 2000 2001 2002 2003 &hellip; <a href=\"https:\/\/www.sammonelakekerho.net\/hki\/historiikki\/\" class=\"more-link\">Jatka lukemista<span class=\"screen-reader-text\"> &#8221;Historiikki&#8221;<\/span><\/a><\/p>\n","protected":false},"author":4,"featured_media":0,"parent":0,"menu_order":0,"comment_status":"closed","ping_status":"closed","template":"","meta":{"_mi_skip_tracking":false,"ngg_post_thumbnail":0,"footnotes":""},"class_list":["post-264","page","type-page","status-publish","hentry"],"_links":{"self":[{"href":"https:\/\/www.sammonelakekerho.net\/hki\/wp-json\/wp\/v2\/pages\/264","targetHints":{"allow":["GET"]}}],"collection":[{"href":"https:\/\/www.sammonelakekerho.net\/hki\/wp-json\/wp\/v2\/pages"}],"about":[{"href":"https:\/\/www.sammonelakekerho.net\/hki\/wp-json\/wp\/v2\/types\/page"}],"author":[{"embeddable":true,"href":"https:\/\/www.sammonelakekerho.net\/hki\/wp-json\/wp\/v2\/users\/4"}],"replies":[{"embeddable":true,"href":"https:\/\/www.sammonelakekerho.net\/hki\/wp-json\/wp\/v2\/comments?post=264"}],"version-history":[{"count":7,"href":"https:\/\/www.sammonelakekerho.net\/hki\/wp-json\/wp\/v2\/pages\/264\/revisions"}],"predecessor-version":[{"id":320,"href":"https:\/\/www.sammonelakekerho.net\/hki\/wp-json\/wp\/v2\/pages\/264\/revisions\/320"}],"wp:attachment":[{"href":"https:\/\/www.sammonelakekerho.net\/hki\/wp-json\/wp\/v2\/media?parent=264"}],"curies":[{"name":"wp","href":"https:\/\/api.w.org\/{rel}","templated":true}]}}