{"id":22,"date":"2015-02-11T18:15:33","date_gmt":"2015-02-11T18:15:33","guid":{"rendered":"http:\/\/www.sammonelakekerho.net\/hki\/?page_id=22"},"modified":"2026-01-16T20:22:28","modified_gmt":"2026-01-16T18:22:28","slug":"johtokunta","status":"publish","type":"page","link":"https:\/\/www.sammonelakekerho.net\/hki\/johtokunta\/","title":{"rendered":"Johtokunta"},"content":{"rendered":"<p style=\"text-align: left;\">Kerhon johtokunta valitaan vuosikokouksessa tammi-helmikuussa. Vuoden 2026 johtokuntaan kuuluvat<\/p>\n<p style=\"text-align: left;\">\n<table id=\"tablepress-1\" class=\"tablepress tablepress-id-1\">\n<tbody>\n<tr class=\"row-1\">\n\t<td class=\"column-1\">Ilkka V\u00e4\u00e4n\u00e4nen, puheenjohtaja<\/td><td class=\"column-2\">045 693 3010<\/td><td class=\"column-3\">ilkka.h.vaananen gmail.com<\/td>\n<\/tr>\n<tr class=\"row-2\">\n\t<td class=\"column-1\">Karita Riima<\/td><td class=\"column-2\">050 543 4226<\/td><td class=\"column-3\">karita.riima gmail.com<\/td>\n<\/tr>\n<tr class=\"row-3\">\n\t<td class=\"column-1\">Aune M\u00e4kinen<\/td><td class=\"column-2\">040 519 9140<\/td><td class=\"column-3\">jatta.aune gmail.com<\/td>\n<\/tr>\n<\/tbody>\n<\/table>\n<!-- #tablepress-1 from cache --><br \/>\nS\u00e4hk\u00f6postiosoitteissa lis\u00e4\u00e4 @ v\u00e4liin.<\/p>\n<p>&nbsp;<\/p>\n<p>&nbsp;<\/p>\n<p>&nbsp;<\/p>\n","protected":false},"excerpt":{"rendered":"<p>Kerhon johtokunta valitaan vuosikokouksessa tammi-helmikuussa. Vuoden 2026 johtokuntaan kuuluvat S\u00e4hk\u00f6postiosoitteissa lis\u00e4\u00e4 @ v\u00e4liin. &nbsp; &nbsp; &nbsp;<\/p>\n","protected":false},"author":4,"featured_media":0,"parent":0,"menu_order":0,"comment_status":"closed","ping_status":"closed","template":"","meta":{"_mi_skip_tracking":false,"ngg_post_thumbnail":0,"footnotes":""},"class_list":["post-22","page","type-page","status-publish","hentry"],"_links":{"self":[{"href":"https:\/\/www.sammonelakekerho.net\/hki\/wp-json\/wp\/v2\/pages\/22","targetHints":{"allow":["GET"]}}],"collection":[{"href":"https:\/\/www.sammonelakekerho.net\/hki\/wp-json\/wp\/v2\/pages"}],"about":[{"href":"https:\/\/www.sammonelakekerho.net\/hki\/wp-json\/wp\/v2\/types\/page"}],"author":[{"embeddable":true,"href":"https:\/\/www.sammonelakekerho.net\/hki\/wp-json\/wp\/v2\/users\/4"}],"replies":[{"embeddable":true,"href":"https:\/\/www.sammonelakekerho.net\/hki\/wp-json\/wp\/v2\/comments?post=22"}],"version-history":[{"count":15,"href":"https:\/\/www.sammonelakekerho.net\/hki\/wp-json\/wp\/v2\/pages\/22\/revisions"}],"predecessor-version":[{"id":757,"href":"https:\/\/www.sammonelakekerho.net\/hki\/wp-json\/wp\/v2\/pages\/22\/revisions\/757"}],"wp:attachment":[{"href":"https:\/\/www.sammonelakekerho.net\/hki\/wp-json\/wp\/v2\/media?parent=22"}],"curies":[{"name":"wp","href":"https:\/\/api.w.org\/{rel}","templated":true}]}}