{"id":141,"date":"2015-03-08T16:57:44","date_gmt":"2015-03-08T16:57:44","guid":{"rendered":"http:\/\/www.sammonelakekerho.net\/hki\/?page_id=141"},"modified":"2015-03-08T16:59:19","modified_gmt":"2015-03-08T16:59:19","slug":"yhteistyokerhot","status":"publish","type":"page","link":"https:\/\/www.sammonelakekerho.net\/hki\/yhteistyokerhot\/","title":{"rendered":"Yhteisty\u00f6kerhot"},"content":{"rendered":"<h4>Yhteisty\u00f6 kerhojen kesken<\/h4>\n<p>Sampo-ryhmittym\u00e4\u00e4n kuuluneiden yhti\u00f6iden el\u00e4kekerhojen kesken on sovittu, ett\u00e4 jonkin kerhon j\u00e4sen voi osallistua toisen kerhon tilaisuuksiin j\u00e4senen\u00e4.<\/p>\n<h4>Kerhot<\/h4>\n<ul>\n<li><a href=\"http:\/\/www.sammonelakekerho.net\/\" target=\"_blank\">Sammon Turun El\u00e4kekerho<\/a><\/li>\n<li><a href=\"http:\/\/www.tevanseniorit.com\/index.html\">Teollisuusvakuutuksen Seniorit<\/a><\/li>\n<li><a class=\"text\" href=\"http:\/\/www.tevanseniorit.com\/tretusivu.html\">Industrif\u00f6rs\u00e4krings Seniorer<\/a><\/li>\n<\/ul>\n<p>&nbsp;<\/p>\n<p>&nbsp;<\/p>\n<p>&nbsp;<\/p>\n<p>&nbsp;<\/p>\n<p>&nbsp;<\/p>\n","protected":false},"excerpt":{"rendered":"<p>Yhteisty\u00f6 kerhojen kesken Sampo-ryhmittym\u00e4\u00e4n kuuluneiden yhti\u00f6iden el\u00e4kekerhojen kesken on sovittu, ett\u00e4 jonkin kerhon j\u00e4sen voi osallistua toisen kerhon tilaisuuksiin j\u00e4senen\u00e4. Kerhot Sammon Turun El\u00e4kekerho Teollisuusvakuutuksen Seniorit Industrif\u00f6rs\u00e4krings Seniorer &nbsp; &nbsp; &nbsp; &nbsp; &nbsp;<\/p>\n","protected":false},"author":4,"featured_media":0,"parent":0,"menu_order":0,"comment_status":"closed","ping_status":"closed","template":"","meta":{"_mi_skip_tracking":false,"ngg_post_thumbnail":0,"footnotes":""},"class_list":["post-141","page","type-page","status-publish","hentry"],"_links":{"self":[{"href":"https:\/\/www.sammonelakekerho.net\/hki\/wp-json\/wp\/v2\/pages\/141","targetHints":{"allow":["GET"]}}],"collection":[{"href":"https:\/\/www.sammonelakekerho.net\/hki\/wp-json\/wp\/v2\/pages"}],"about":[{"href":"https:\/\/www.sammonelakekerho.net\/hki\/wp-json\/wp\/v2\/types\/page"}],"author":[{"embeddable":true,"href":"https:\/\/www.sammonelakekerho.net\/hki\/wp-json\/wp\/v2\/users\/4"}],"replies":[{"embeddable":true,"href":"https:\/\/www.sammonelakekerho.net\/hki\/wp-json\/wp\/v2\/comments?post=141"}],"version-history":[{"count":2,"href":"https:\/\/www.sammonelakekerho.net\/hki\/wp-json\/wp\/v2\/pages\/141\/revisions"}],"predecessor-version":[{"id":144,"href":"https:\/\/www.sammonelakekerho.net\/hki\/wp-json\/wp\/v2\/pages\/141\/revisions\/144"}],"wp:attachment":[{"href":"https:\/\/www.sammonelakekerho.net\/hki\/wp-json\/wp\/v2\/media?parent=141"}],"curies":[{"name":"wp","href":"https:\/\/api.w.org\/{rel}","templated":true}]}}